{"id":48,"date":"2025-10-21T17:10:04","date_gmt":"2025-10-21T09:10:04","guid":{"rendered":"https:\/\/raldmoyer.co\/?page_id=48"},"modified":"2025-11-21T18:11:34","modified_gmt":"2025-11-21T10:11:34","slug":"company-crofile","status":"publish","type":"page","link":"https:\/\/raldmoyer.co\/de\/company-crofile\/","title":{"rendered":"Firmenprofil"},"content":{"rendered":"<h1><span style=\"color: #00b050;\"><strong>RELIABLE ELECTRONIC MANUFACTURING PARTNER<\/strong><\/span><\/h1>\n<p>Wells wurde 2008 gegr\u00fcndet und ist ein Anbieter von Leiterplattenfertigung und -best\u00fcckung aus einer Hand mit 16 Jahren Erfahrung. Wir produzieren Leiterplatten f\u00fcr mehr als 3.000 Unternehmen in mehr als 50 L\u00e4ndern auf der ganzen Welt, darunter einige, die seit 2008 mit uns zusammenarbeiten.<br \/>\nFor complete turnkey projects, we take care of the entire process, including PCB manufacturing, parts procurement (100% original), PCBA testing, continuous quality monitoring and final assembly.For part of the turnkey project, the customer can provide the PCB and certain components and we handle the rest.<br \/>\nWells warded as National High Technology Enterprise and equipped with 5 SMT assembly lines, 3 through hole soldering lines, 2 ICT\/FCT lines, 2 conformal coating lines and 4 box building lines and in compliance with ISO9001:2015, ISO13485 and IPC-A-610E.We are committed to providing cost-effective, high-quality PCB assembly services and excellent customer service.<\/p>\n<h3><strong>OUR CERTIFICATIONS<\/strong><\/h3>\n<ul class=\"blocks-100 blocks-md-2 blocks-lg-4 blocks-xxl-4 no-space met-pager-ajax imagesize met-img-list list-paddingleft-2\" data-scale=\"500x800\">\n<li>\n<div class=\"eh_con\">\n<div class=\"inner\">\n<div class=\"box img-zoom-out\"><img loading=\"lazy\" decoding=\"async\" title=\"pcba\" src=\"https:\/\/raldmoyer.co\/static\/picture\/1602669126.jpg\" alt=\"IATF16969\" width=\"100\" height=\"100\" \/><\/div>\n<h3><strong>IATF16949<\/strong><\/h3>\n<div class=\"desc_box\">\n<p class=\"desc\">Quality management system by International Automotive Task Force (IATF)<\/p>\n<\/div>\n<\/div>\n<\/div>\n<\/li>\n<li>\n<div class=\"eh_con\">\n<div class=\"inner\">\n<div class=\"box img-zoom-out\"><img loading=\"lazy\" decoding=\"async\" title=\"pcba\" src=\"https:\/\/raldmoyer.co\/static\/picture\/1602669135.jpg\" alt=\"ISO13485\" width=\"100\" height=\"100\" \/><\/div>\n<h3><strong>ISO13485<\/strong><\/h3>\n<div class=\"desc_box\">\n<p class=\"desc\">Quality management system for medical devices &amp; related services<\/p>\n<\/div>\n<\/div>\n<\/div>\n<\/li>\n<li>\n<div class=\"eh_con\">\n<div class=\"inner\">\n<div class=\"box img-zoom-out\"><img loading=\"lazy\" decoding=\"async\" title=\"pcba\" src=\"https:\/\/raldmoyer.co\/static\/picture\/1602669147.jpg\" alt=\"UL\" width=\"100\" height=\"100\" \/><\/div>\n<h3><strong>UL<\/strong><\/h3>\n<div class=\"desc_box\">\n<p class=\"desc\">Famous management system for North America regions (ZPVI2 &amp; ZPVI8)<\/p>\n<\/div>\n<\/div>\n<\/div>\n<\/li>\n<li>\n<div class=\"eh_con\">\n<div class=\"inner\">\n<div class=\"box img-zoom-out\"><img loading=\"lazy\" decoding=\"async\" title=\"pcba\" src=\"https:\/\/raldmoyer.co\/static\/picture\/1602669064.jpg\" alt=\"ISO9001\" width=\"100\" height=\"100\" \/><\/div>\n<h3><strong>ISO9001<\/strong><\/h3>\n<div class=\"desc_box\">\n<p class=\"desc\">Defined as the international standard that specifies requirements for a quality management system (QMS)<\/p>\n<\/div>\n<\/div>\n<\/div>\n<\/li>\n<\/ul>\n<p><img loading=\"lazy\" decoding=\"async\" class=\"aligncenter wp-image-514 size-large\" src=\"https:\/\/raldmoyer.co\/wp-content\/uploads\/2025\/10\/\u672a\u547d\u540d1-1024x341.png\" alt=\"\" width=\"1024\" height=\"341\" srcset=\"https:\/\/raldmoyer.co\/wp-content\/uploads\/2025\/10\/\u672a\u547d\u540d1-1024x341.png 1024w, https:\/\/raldmoyer.co\/wp-content\/uploads\/2025\/10\/\u672a\u547d\u540d1-300x100.png 300w, https:\/\/raldmoyer.co\/wp-content\/uploads\/2025\/10\/\u672a\u547d\u540d1-768x256.png 768w, https:\/\/raldmoyer.co\/wp-content\/uploads\/2025\/10\/\u672a\u547d\u540d1-1536x512.png 1536w, https:\/\/raldmoyer.co\/wp-content\/uploads\/2025\/10\/\u672a\u547d\u540d1.png 1800w\" sizes=\"auto, (max-width: 1024px) 100vw, 1024px\" \/><\/p>\n<h3><strong>INDUSTRIES WE ARE SERVING<\/strong><\/h3>\n<p><img decoding=\"async\" title=\"pcba\" src=\"https:\/\/raldmoyer.co\/static\/picture\/1602665311.jpg\" alt=\"pcba\" data-width=\"1600\" data-height=\"537\" \/><\/p>\n<p>&nbsp;<\/p>","protected":false},"excerpt":{"rendered":"<p>RELIABLE ELECTRONIC MANUFACTURING PARTNER Founded in 2008, Wells is a one-stop PCB manufacturing and assembly supplier with 16 years of experience. We produce printed circuit boards for more than 3,000 companies in more than 50 countries around the world, including some who have been working with us since 2008. For complete turnkey projects, we take [&hellip;]<\/p>","protected":false},"author":2,"featured_media":0,"parent":0,"menu_order":0,"comment_status":"closed","ping_status":"closed","template":"","meta":{"_acf_changed":false,"footnotes":""},"class_list":["post-48","page","type-page","status-publish","hentry"],"acf":[],"yoast_head":"<!-- This site is optimized with the Yoast SEO plugin v27.1.1 - https:\/\/yoast.com\/product\/yoast-seo-wordpress\/ -->\n<title>Company Profile - WELLS SMT&amp;PCBA<\/title>\n<meta name=\"robots\" content=\"index, follow, max-snippet:-1, max-image-preview:large, max-video-preview:-1\" \/>\n<link rel=\"canonical\" href=\"https:\/\/raldmoyer.co\/de\/company-crofile\/\" \/>\n<meta property=\"og:locale\" content=\"de_DE\" \/>\n<meta property=\"og:type\" content=\"article\" \/>\n<meta property=\"og:title\" content=\"Company Profile - WELLS SMT&amp;PCBA\" \/>\n<meta property=\"og:description\" content=\"RELIABLE ELECTRONIC MANUFACTURING PARTNER Founded in 2008, Wells is a one-stop PCB manufacturing and assembly supplier with 16 years of experience. We produce printed circuit boards for more than 3,000 companies in more than 50 countries around the world, including some who have been working with us since 2008. For complete turnkey projects, we take [&hellip;]\" \/>\n<meta property=\"og:url\" content=\"https:\/\/raldmoyer.co\/de\/company-crofile\/\" \/>\n<meta property=\"og:site_name\" content=\"WELLS SMT&amp;PCBA\" \/>\n<meta property=\"article:modified_time\" content=\"2025-11-21T10:11:34+00:00\" \/>\n<meta property=\"og:image\" content=\"https:\/\/raldmoyer.co\/static\/picture\/1602669126.jpg\" \/>\n<meta name=\"twitter:card\" content=\"summary_large_image\" \/>\n<meta name=\"twitter:label1\" content=\"Gesch\u00e4tzte Lesezeit\" \/>\n\t<meta name=\"twitter:data1\" content=\"1\u00a0Minute\" \/>\n<script type=\"application\/ld+json\" class=\"yoast-schema-graph\">{\"@context\":\"https:\/\/schema.org\",\"@graph\":[{\"@type\":\"WebPage\",\"@id\":\"https:\/\/raldmoyer.co\/company-crofile\/\",\"url\":\"https:\/\/raldmoyer.co\/company-crofile\/\",\"name\":\"Company Profile - WELLS SMT&amp;PCBA\",\"isPartOf\":{\"@id\":\"https:\/\/raldmoyer.co\/#website\"},\"primaryImageOfPage\":{\"@id\":\"https:\/\/raldmoyer.co\/company-crofile\/#primaryimage\"},\"image\":{\"@id\":\"https:\/\/raldmoyer.co\/company-crofile\/#primaryimage\"},\"thumbnailUrl\":\"https:\/\/raldmoyer.co\/static\/picture\/1602669126.jpg\",\"datePublished\":\"2025-10-21T09:10:04+00:00\",\"dateModified\":\"2025-11-21T10:11:34+00:00\",\"breadcrumb\":{\"@id\":\"https:\/\/raldmoyer.co\/company-crofile\/#breadcrumb\"},\"inLanguage\":\"de\",\"potentialAction\":[{\"@type\":\"ReadAction\",\"target\":[\"https:\/\/raldmoyer.co\/company-crofile\/\"]}]},{\"@type\":\"ImageObject\",\"inLanguage\":\"de\",\"@id\":\"https:\/\/raldmoyer.co\/company-crofile\/#primaryimage\",\"url\":\"https:\/\/raldmoyer.co\/static\/picture\/1602669126.jpg\",\"contentUrl\":\"https:\/\/raldmoyer.co\/static\/picture\/1602669126.jpg\"},{\"@type\":\"BreadcrumbList\",\"@id\":\"https:\/\/raldmoyer.co\/company-crofile\/#breadcrumb\",\"itemListElement\":[{\"@type\":\"ListItem\",\"position\":1,\"name\":\"\u9996\u9875\",\"item\":\"https:\/\/raldmoyer.co\/\"},{\"@type\":\"ListItem\",\"position\":2,\"name\":\"Company Profile\"}]},{\"@type\":\"WebSite\",\"@id\":\"https:\/\/raldmoyer.co\/#website\",\"url\":\"https:\/\/raldmoyer.co\/\",\"name\":\"WELLS SMT&amp;PCBA\",\"description\":\"One stop PCBA OEM service\",\"potentialAction\":[{\"@type\":\"SearchAction\",\"target\":{\"@type\":\"EntryPoint\",\"urlTemplate\":\"https:\/\/raldmoyer.co\/?s={search_term_string}\"},\"query-input\":{\"@type\":\"PropertyValueSpecification\",\"valueRequired\":true,\"valueName\":\"search_term_string\"}}],\"inLanguage\":\"de\"}]}<\/script>\n<!-- \/ Yoast SEO plugin. -->","yoast_head_json":{"title":"Company Profile - WELLS SMT&amp;PCBA","robots":{"index":"index","follow":"follow","max-snippet":"max-snippet:-1","max-image-preview":"max-image-preview:large","max-video-preview":"max-video-preview:-1"},"canonical":"https:\/\/raldmoyer.co\/de\/company-crofile\/","og_locale":"de_DE","og_type":"article","og_title":"Company Profile - WELLS SMT&amp;PCBA","og_description":"RELIABLE ELECTRONIC MANUFACTURING PARTNER Founded in 2008, Wells is a one-stop PCB manufacturing and assembly supplier with 16 years of experience. We produce printed circuit boards for more than 3,000 companies in more than 50 countries around the world, including some who have been working with us since 2008. For complete turnkey projects, we take [&hellip;]","og_url":"https:\/\/raldmoyer.co\/de\/company-crofile\/","og_site_name":"WELLS SMT&amp;PCBA","article_modified_time":"2025-11-21T10:11:34+00:00","og_image":[{"url":"https:\/\/raldmoyer.co\/static\/picture\/1602669126.jpg","type":"","width":"","height":""}],"twitter_card":"summary_large_image","twitter_misc":{"Gesch\u00e4tzte Lesezeit":"1\u00a0Minute"},"schema":{"@context":"https:\/\/schema.org","@graph":[{"@type":"WebPage","@id":"https:\/\/raldmoyer.co\/company-crofile\/","url":"https:\/\/raldmoyer.co\/company-crofile\/","name":"Company Profile - WELLS SMT&amp;PCBA","isPartOf":{"@id":"https:\/\/raldmoyer.co\/#website"},"primaryImageOfPage":{"@id":"https:\/\/raldmoyer.co\/company-crofile\/#primaryimage"},"image":{"@id":"https:\/\/raldmoyer.co\/company-crofile\/#primaryimage"},"thumbnailUrl":"https:\/\/raldmoyer.co\/static\/picture\/1602669126.jpg","datePublished":"2025-10-21T09:10:04+00:00","dateModified":"2025-11-21T10:11:34+00:00","breadcrumb":{"@id":"https:\/\/raldmoyer.co\/company-crofile\/#breadcrumb"},"inLanguage":"de","potentialAction":[{"@type":"ReadAction","target":["https:\/\/raldmoyer.co\/company-crofile\/"]}]},{"@type":"ImageObject","inLanguage":"de","@id":"https:\/\/raldmoyer.co\/company-crofile\/#primaryimage","url":"https:\/\/raldmoyer.co\/static\/picture\/1602669126.jpg","contentUrl":"https:\/\/raldmoyer.co\/static\/picture\/1602669126.jpg"},{"@type":"BreadcrumbList","@id":"https:\/\/raldmoyer.co\/company-crofile\/#breadcrumb","itemListElement":[{"@type":"ListItem","position":1,"name":"\u9996\u9875","item":"https:\/\/raldmoyer.co\/"},{"@type":"ListItem","position":2,"name":"Company Profile"}]},{"@type":"WebSite","@id":"https:\/\/raldmoyer.co\/#website","url":"https:\/\/raldmoyer.co\/","name":"WELLS SMT&amp;PCBA","description":"One stop PCBA OEM service","potentialAction":[{"@type":"SearchAction","target":{"@type":"EntryPoint","urlTemplate":"https:\/\/raldmoyer.co\/?s={search_term_string}"},"query-input":{"@type":"PropertyValueSpecification","valueRequired":true,"valueName":"search_term_string"}}],"inLanguage":"de"}]}},"_links":{"self":[{"href":"https:\/\/raldmoyer.co\/de\/wp-json\/wp\/v2\/pages\/48","targetHints":{"allow":["GET"]}}],"collection":[{"href":"https:\/\/raldmoyer.co\/de\/wp-json\/wp\/v2\/pages"}],"about":[{"href":"https:\/\/raldmoyer.co\/de\/wp-json\/wp\/v2\/types\/page"}],"author":[{"embeddable":true,"href":"https:\/\/raldmoyer.co\/de\/wp-json\/wp\/v2\/users\/2"}],"replies":[{"embeddable":true,"href":"https:\/\/raldmoyer.co\/de\/wp-json\/wp\/v2\/comments?post=48"}],"version-history":[{"count":16,"href":"https:\/\/raldmoyer.co\/de\/wp-json\/wp\/v2\/pages\/48\/revisions"}],"predecessor-version":[{"id":1190,"href":"https:\/\/raldmoyer.co\/de\/wp-json\/wp\/v2\/pages\/48\/revisions\/1190"}],"wp:attachment":[{"href":"https:\/\/raldmoyer.co\/de\/wp-json\/wp\/v2\/media?parent=48"}],"curies":[{"name":"wp","href":"https:\/\/api.w.org\/{rel}","templated":true}]}}