{"id":56,"date":"2025-10-21T17:22:03","date_gmt":"2025-10-21T09:22:03","guid":{"rendered":"https:\/\/raldmoyer.co\/?page_id=56"},"modified":"2025-11-19T15:31:18","modified_gmt":"2025-11-19T07:31:18","slug":"contact-us","status":"publish","type":"page","link":"https:\/\/raldmoyer.co\/fr\/contact-us\/","title":{"rendered":"Nous contacter"},"content":{"rendered":"<h3><strong>QUELS SONT LES FICHIERS \u00c0 ENVOYER POUR L'\u00c9TABLISSEMENT D'UN DEVIS ?<\/strong><\/h3>\n<p><em>(* pour obligatoire, votre demande sera trait\u00e9e dans un d\u00e9lai de 1 \u00e0 2 jours).<\/em><\/p>\n<ul class=\"list-paddingleft-2\">\n<li>Gerbers de PCB (*)<\/li>\n<li>NOMENCLATURE (*)<\/li>\n<li>Quantit\u00e9s pour le devis (facultatif)<\/li>\n<li>Dessins de l'enceinte (uniquement pour la construction d'une bo\u00eete)<\/li>\n<li>Sch\u00e9mas (optionnel)<\/li>\n<li>Autres documents techniques et exigences (facultatif)<\/li>\n<\/ul>","protected":false},"excerpt":{"rendered":"<p>WHAT FILES TO BE SENT FOR MAKING QUOTE? (* for\u00a0mandatory, basically your RFQ will be replied within 1~2 days.) PCB gerbers (*) BOM (*) Quantities for quote (optional) Enclosure drawings (only for box build) Schematics (optional) Other technical docs &amp; requirements (optional)<\/p>","protected":false},"author":2,"featured_media":0,"parent":0,"menu_order":0,"comment_status":"closed","ping_status":"closed","template":"","meta":{"_acf_changed":false,"footnotes":""},"class_list":["post-56","page","type-page","status-publish","hentry"],"acf":[],"yoast_head":"<!-- This site is optimized with the Yoast SEO plugin v27.1.1 - https:\/\/yoast.com\/product\/yoast-seo-wordpress\/ -->\n<title>Contact Us - WELLS SMT&amp;PCBA<\/title>\n<meta name=\"robots\" content=\"index, follow, max-snippet:-1, max-image-preview:large, max-video-preview:-1\" \/>\n<link rel=\"canonical\" href=\"https:\/\/raldmoyer.co\/fr\/contact-us\/\" \/>\n<meta property=\"og:locale\" content=\"fr_FR\" \/>\n<meta property=\"og:type\" content=\"article\" \/>\n<meta property=\"og:title\" content=\"Contact Us - WELLS SMT&amp;PCBA\" \/>\n<meta property=\"og:description\" content=\"WHAT FILES TO BE SENT FOR MAKING QUOTE? (* for\u00a0mandatory, basically your RFQ will be replied within 1~2 days.) PCB gerbers (*) BOM (*) Quantities for quote (optional) Enclosure drawings (only for box build) Schematics (optional) Other technical docs &amp; requirements (optional)\" \/>\n<meta property=\"og:url\" content=\"https:\/\/raldmoyer.co\/fr\/contact-us\/\" \/>\n<meta property=\"og:site_name\" content=\"WELLS SMT&amp;PCBA\" \/>\n<meta property=\"article:modified_time\" content=\"2025-11-19T07:31:18+00:00\" \/>\n<meta name=\"twitter:card\" content=\"summary_large_image\" \/>\n<script type=\"application\/ld+json\" class=\"yoast-schema-graph\">{\"@context\":\"https:\/\/schema.org\",\"@graph\":[{\"@type\":\"WebPage\",\"@id\":\"https:\/\/raldmoyer.co\/contact-us\/\",\"url\":\"https:\/\/raldmoyer.co\/contact-us\/\",\"name\":\"Contact Us - WELLS SMT&amp;PCBA\",\"isPartOf\":{\"@id\":\"https:\/\/raldmoyer.co\/#website\"},\"datePublished\":\"2025-10-21T09:22:03+00:00\",\"dateModified\":\"2025-11-19T07:31:18+00:00\",\"breadcrumb\":{\"@id\":\"https:\/\/raldmoyer.co\/contact-us\/#breadcrumb\"},\"inLanguage\":\"fr-FR\",\"potentialAction\":[{\"@type\":\"ReadAction\",\"target\":[\"https:\/\/raldmoyer.co\/contact-us\/\"]}]},{\"@type\":\"BreadcrumbList\",\"@id\":\"https:\/\/raldmoyer.co\/contact-us\/#breadcrumb\",\"itemListElement\":[{\"@type\":\"ListItem\",\"position\":1,\"name\":\"\u9996\u9875\",\"item\":\"https:\/\/raldmoyer.co\/\"},{\"@type\":\"ListItem\",\"position\":2,\"name\":\"Contact Us\"}]},{\"@type\":\"WebSite\",\"@id\":\"https:\/\/raldmoyer.co\/#website\",\"url\":\"https:\/\/raldmoyer.co\/\",\"name\":\"WELLS SMT&amp;PCBA\",\"description\":\"One stop PCBA OEM service\",\"potentialAction\":[{\"@type\":\"SearchAction\",\"target\":{\"@type\":\"EntryPoint\",\"urlTemplate\":\"https:\/\/raldmoyer.co\/?s={search_term_string}\"},\"query-input\":{\"@type\":\"PropertyValueSpecification\",\"valueRequired\":true,\"valueName\":\"search_term_string\"}}],\"inLanguage\":\"fr-FR\"}]}<\/script>\n<!-- \/ Yoast SEO plugin. -->","yoast_head_json":{"title":"Contact Us - WELLS SMT&amp;PCBA","robots":{"index":"index","follow":"follow","max-snippet":"max-snippet:-1","max-image-preview":"max-image-preview:large","max-video-preview":"max-video-preview:-1"},"canonical":"https:\/\/raldmoyer.co\/fr\/contact-us\/","og_locale":"fr_FR","og_type":"article","og_title":"Contact Us - WELLS SMT&amp;PCBA","og_description":"WHAT FILES TO BE SENT FOR MAKING QUOTE? (* for\u00a0mandatory, basically your RFQ will be replied within 1~2 days.) PCB gerbers (*) BOM (*) Quantities for quote (optional) Enclosure drawings (only for box build) Schematics (optional) Other technical docs &amp; requirements (optional)","og_url":"https:\/\/raldmoyer.co\/fr\/contact-us\/","og_site_name":"WELLS SMT&amp;PCBA","article_modified_time":"2025-11-19T07:31:18+00:00","twitter_card":"summary_large_image","schema":{"@context":"https:\/\/schema.org","@graph":[{"@type":"WebPage","@id":"https:\/\/raldmoyer.co\/contact-us\/","url":"https:\/\/raldmoyer.co\/contact-us\/","name":"Contact Us - WELLS SMT&amp;PCBA","isPartOf":{"@id":"https:\/\/raldmoyer.co\/#website"},"datePublished":"2025-10-21T09:22:03+00:00","dateModified":"2025-11-19T07:31:18+00:00","breadcrumb":{"@id":"https:\/\/raldmoyer.co\/contact-us\/#breadcrumb"},"inLanguage":"fr-FR","potentialAction":[{"@type":"ReadAction","target":["https:\/\/raldmoyer.co\/contact-us\/"]}]},{"@type":"BreadcrumbList","@id":"https:\/\/raldmoyer.co\/contact-us\/#breadcrumb","itemListElement":[{"@type":"ListItem","position":1,"name":"\u9996\u9875","item":"https:\/\/raldmoyer.co\/"},{"@type":"ListItem","position":2,"name":"Contact Us"}]},{"@type":"WebSite","@id":"https:\/\/raldmoyer.co\/#website","url":"https:\/\/raldmoyer.co\/","name":"WELLS SMT&amp;PCBA","description":"One stop PCBA OEM service","potentialAction":[{"@type":"SearchAction","target":{"@type":"EntryPoint","urlTemplate":"https:\/\/raldmoyer.co\/?s={search_term_string}"},"query-input":{"@type":"PropertyValueSpecification","valueRequired":true,"valueName":"search_term_string"}}],"inLanguage":"fr-FR"}]}},"_links":{"self":[{"href":"https:\/\/raldmoyer.co\/fr\/wp-json\/wp\/v2\/pages\/56","targetHints":{"allow":["GET"]}}],"collection":[{"href":"https:\/\/raldmoyer.co\/fr\/wp-json\/wp\/v2\/pages"}],"about":[{"href":"https:\/\/raldmoyer.co\/fr\/wp-json\/wp\/v2\/types\/page"}],"author":[{"embeddable":true,"href":"https:\/\/raldmoyer.co\/fr\/wp-json\/wp\/v2\/users\/2"}],"replies":[{"embeddable":true,"href":"https:\/\/raldmoyer.co\/fr\/wp-json\/wp\/v2\/comments?post=56"}],"version-history":[{"count":6,"href":"https:\/\/raldmoyer.co\/fr\/wp-json\/wp\/v2\/pages\/56\/revisions"}],"predecessor-version":[{"id":953,"href":"https:\/\/raldmoyer.co\/fr\/wp-json\/wp\/v2\/pages\/56\/revisions\/953"}],"wp:attachment":[{"href":"https:\/\/raldmoyer.co\/fr\/wp-json\/wp\/v2\/media?parent=56"}],"curies":[{"name":"wp","href":"https:\/\/api.w.org\/{rel}","templated":true}]}}